{"id":1459,"date":"2025-12-13T17:47:01","date_gmt":"2025-12-13T17:47:01","guid":{"rendered":"https:\/\/commentdire.ma\/index.php\/residence-de-creation\/"},"modified":"2025-12-13T18:00:01","modified_gmt":"2025-12-13T18:00:01","slug":"residence-de-creation","status":"publish","type":"page","link":"https:\/\/commentdire.ma\/index.php\/residence-de-creation\/","title":{"rendered":"R\u00e9sidence de cr\u00e9ation"},"content":{"rendered":"\n<div class=\"wp-block-group alignfull has-global-padding is-layout-constrained wp-container-core-group-is-layout-aff63992 wp-block-group-is-layout-constrained\" style=\"margin-top:0;margin-bottom:0;padding-top:0;padding-right:var(--wp--preset--spacing--50);padding-bottom:0;padding-left:var(--wp--preset--spacing--50)\">\n<div class=\"wp-block-columns alignwide has-base-2-background-color has-background is-layout-flex wp-container-core-columns-is-layout-1da03c2a wp-block-columns-is-layout-flex\">\n<div class=\"wp-block-column is-vertically-aligned-stretch is-layout-flow wp-block-column-is-layout-flow\" style=\"flex-basis:50%\">\n<div class=\"wp-block-group is-vertical is-content-justification-stretch is-layout-flex wp-container-core-group-is-layout-444d5ee8 wp-block-group-is-layout-flex\" style=\"min-height:100%\">\n<p class=\"has-heading-font-family has-x-large-font-size\" style=\"line-height:1.2\"><a href=\"https:\/\/commentdire.ma\/index.php\/2025\/10\/28\/art-masterclass\/\">Art Masterclass Nature(s)<\/a><\/p>\n\n\n\n<p class=\"wp-container-content-9cfa9a5a\"><strong><em>Samedi 14 janvier 2023<\/em><\/strong><\/p>\n\n\n\n<p class=\"wp-container-content-9cfa9a5a\">Programme de la&nbsp;Marterclass\u202f: Les joie de la cr\u00e9ation par Christophe&nbsp;Miralles&nbsp;et <a href=\"https:\/\/commentdire.ma\/index.php\/2025\/10\/20\/flo-arnold\/\">Florence Arnold<\/a>&nbsp;<\/p>\n\n\n\n<figure class=\"wp-block-image size-full is-resized\"><img loading=\"lazy\" decoding=\"async\" width=\"275\" height=\"183\" src=\"https:\/\/commentdire.ma\/wp-content\/uploads\/2025\/10\/jungle.jpg\" alt=\"\" class=\"wp-image-975\" style=\"width:540px;height:auto\"\/><\/figure>\n\n\n\n<p class=\"wp-container-content-9cfa9a5a\">Cette&nbsp;Masterclass&nbsp;s\u2019adresse \u00e0 tous\u202f: dans une ambiance conviviale et bienveillante, si vous souhaitez \u00eatre initier \u00e0 la cr\u00e9ation d\u2019une \u0153uvre, approfondir vos connaissances, d\u00e9couvrir une nouvelle technique artistique.&nbsp;Rejoignez-nous\u202f!&nbsp;&nbsp;<\/p>\n<\/div>\n<\/div>\n\n\n\n<div class=\"wp-block-column is-vertically-aligned-center is-layout-flow wp-block-column-is-layout-flow\" style=\"flex-basis:50%\">\n<figure class=\"wp-block-image size-full has-custom-border is-style-rounded is-style-rounded--1\"><a href=\"https:\/\/commentdire.ma\/index.php\/2025\/10\/28\/art-masterclass\/\"><img loading=\"lazy\" decoding=\"async\" width=\"683\" height=\"733\" src=\"https:\/\/commentdire.ma\/wp-content\/uploads\/2025\/10\/nature-14-01-2023-1.jpg\" alt=\"\" class=\"has-border-color has-accent-2-border-color wp-image-258\" style=\"aspect-ratio:3\/4;object-fit:cover\" srcset=\"https:\/\/commentdire.ma\/wp-content\/uploads\/2025\/10\/nature-14-01-2023-1.jpg 683w, https:\/\/commentdire.ma\/wp-content\/uploads\/2025\/10\/nature-14-01-2023-1-280x300.jpg 280w\" sizes=\"auto, (max-width: 683px) 100vw, 683px\" \/><\/a><\/figure>\n<\/div>\n<\/div>\n\n\n\n<hr class=\"wp-block-separator alignwide has-alpha-channel-opacity is-style-wide\" style=\"margin-top:var(--wp--preset--spacing--10);margin-bottom:var(--wp--preset--spacing--10)\"\/>\n<\/div>\n","protected":false},"excerpt":{"rendered":"<p>Art Masterclass Nature(s) Samedi 14 janvier 2023 Programme de la&nbsp;Marterclass\u202f: Les joie de la cr\u00e9ation par Christophe&nbsp;Miralles&nbsp;et Florence Arnold&nbsp; Cette&nbsp;Masterclass&nbsp;s\u2019adresse \u00e0 tous\u202f: dans une ambiance conviviale et bienveillante, si vous souhaitez \u00eatre initier \u00e0 la cr\u00e9ation d\u2019une \u0153uvre, approfondir vos connaissances, d\u00e9couvrir une nouvelle technique artistique.&nbsp;Rejoignez-nous\u202f!&nbsp;&nbsp;<\/p>\n","protected":false},"author":1,"featured_media":0,"parent":0,"menu_order":0,"comment_status":"closed","ping_status":"closed","template":"","meta":{"footnotes":""},"class_list":["post-1459","page","type-page","status-publish","hentry"],"_links":{"self":[{"href":"https:\/\/commentdire.ma\/index.php\/wp-json\/wp\/v2\/pages\/1459","targetHints":{"allow":["GET"]}}],"collection":[{"href":"https:\/\/commentdire.ma\/index.php\/wp-json\/wp\/v2\/pages"}],"about":[{"href":"https:\/\/commentdire.ma\/index.php\/wp-json\/wp\/v2\/types\/page"}],"author":[{"embeddable":true,"href":"https:\/\/commentdire.ma\/index.php\/wp-json\/wp\/v2\/users\/1"}],"replies":[{"embeddable":true,"href":"https:\/\/commentdire.ma\/index.php\/wp-json\/wp\/v2\/comments?post=1459"}],"version-history":[{"count":1,"href":"https:\/\/commentdire.ma\/index.php\/wp-json\/wp\/v2\/pages\/1459\/revisions"}],"predecessor-version":[{"id":1464,"href":"https:\/\/commentdire.ma\/index.php\/wp-json\/wp\/v2\/pages\/1459\/revisions\/1464"}],"wp:attachment":[{"href":"https:\/\/commentdire.ma\/index.php\/wp-json\/wp\/v2\/media?parent=1459"}],"curies":[{"name":"wp","href":"https:\/\/api.w.org\/{rel}","templated":true}]}}