{"id":1460,"date":"2025-12-13T17:51:59","date_gmt":"2025-12-13T17:51:59","guid":{"rendered":"https:\/\/commentdire.ma\/index.php\/scene-ouverte\/"},"modified":"2025-12-14T12:15:26","modified_gmt":"2025-12-14T12:15:26","slug":"scene-ouverte","status":"publish","type":"page","link":"https:\/\/commentdire.ma\/index.php\/scene-ouverte\/","title":{"rendered":"Sc\u00e8ne ouverte"},"content":{"rendered":"\n<div class=\"wp-block-group alignfull has-global-padding is-layout-constrained wp-container-core-group-is-layout-aff63992 wp-block-group-is-layout-constrained\" style=\"margin-top:0;margin-bottom:0;padding-top:0;padding-right:var(--wp--preset--spacing--50);padding-bottom:0;padding-left:var(--wp--preset--spacing--50)\">\n<div class=\"wp-block-columns alignwide has-base-2-background-color has-background is-layout-flex wp-container-core-columns-is-layout-1da03c2a wp-block-columns-is-layout-flex\">\n<div class=\"wp-block-column is-vertically-aligned-stretch is-layout-flow wp-block-column-is-layout-flow\" style=\"flex-basis:50%\">\n<div class=\"wp-block-group is-vertical is-content-justification-stretch is-layout-flex wp-container-core-group-is-layout-444d5ee8 wp-block-group-is-layout-flex\" style=\"min-height:100%\">\n<p class=\"has-heading-font-family has-x-large-font-size\" style=\"line-height:1.2\">Tango perch\u00e9<\/p>\n\n\n\n<p class=\"wp-container-content-9cfa9a5a\"><strong><em><strong><em>Merecredi 21  mai 2025<\/em><\/strong><\/em><\/strong><\/p>\n\n\n\n<figure class=\"wp-block-image size-large\"><img loading=\"lazy\" decoding=\"async\" width=\"1024\" height=\"1024\" src=\"https:\/\/commentdire.ma\/wp-content\/uploads\/2025\/11\/2-1-1024x1024.jpg\" alt=\"\" class=\"wp-image-1126\" srcset=\"https:\/\/commentdire.ma\/wp-content\/uploads\/2025\/11\/2-1-1024x1024.jpg 1024w, https:\/\/commentdire.ma\/wp-content\/uploads\/2025\/11\/2-1-300x300.jpg 300w, https:\/\/commentdire.ma\/wp-content\/uploads\/2025\/11\/2-1-150x150.jpg 150w, https:\/\/commentdire.ma\/wp-content\/uploads\/2025\/11\/2-1-768x768.jpg 768w, https:\/\/commentdire.ma\/wp-content\/uploads\/2025\/11\/2-1.jpg 1080w\" sizes=\"auto, (max-width: 1024px) 100vw, 1024px\" \/><\/figure>\n<\/div>\n<\/div>\n\n\n\n<div class=\"wp-block-column is-vertically-aligned-center is-layout-flow wp-block-column-is-layout-flow\" style=\"flex-basis:50%\">\n<figure class=\"wp-block-image size-large is-style-rounded is-style-rounded--1\"><img loading=\"lazy\" decoding=\"async\" width=\"1024\" height=\"1024\" src=\"https:\/\/commentdire.ma\/wp-content\/uploads\/2025\/11\/1-1024x1024.jpg\" alt=\"\" class=\"wp-image-1125\" srcset=\"https:\/\/commentdire.ma\/wp-content\/uploads\/2025\/11\/1-1024x1024.jpg 1024w, https:\/\/commentdire.ma\/wp-content\/uploads\/2025\/11\/1-300x300.jpg 300w, https:\/\/commentdire.ma\/wp-content\/uploads\/2025\/11\/1-150x150.jpg 150w, https:\/\/commentdire.ma\/wp-content\/uploads\/2025\/11\/1-768x768.jpg 768w, https:\/\/commentdire.ma\/wp-content\/uploads\/2025\/11\/1.jpg 1080w\" sizes=\"auto, (max-width: 1024px) 100vw, 1024px\" \/><\/figure>\n<\/div>\n<\/div>\n\n\n\n<hr class=\"wp-block-separator alignwide has-alpha-channel-opacity\"\/>\n\n\n\n<div class=\"wp-block-columns alignwide has-base-2-background-color has-background is-layout-flex wp-container-core-columns-is-layout-1da03c2a wp-block-columns-is-layout-flex\">\n<div class=\"wp-block-column is-vertically-aligned-stretch is-layout-flow wp-block-column-is-layout-flow\" style=\"flex-basis:50%\">\n<div class=\"wp-block-group is-vertical is-content-justification-stretch is-layout-flex wp-container-core-group-is-layout-444d5ee8 wp-block-group-is-layout-flex\" style=\"min-height:100%\">\n<p class=\"has-heading-font-family has-x-large-font-size\" style=\"line-height:1.2\">Le slow cosm\u00e9tique<\/p>\n\n\n\n<p class=\"wp-container-content-9cfa9a5a\"><strong><em>Samedi 5 avril 2025<\/em><\/strong><\/p>\n\n\n\n<p>avec Alain Bocquet<\/p>\n<\/div>\n<\/div>\n\n\n\n<div class=\"wp-block-column is-vertically-aligned-center is-layout-flow wp-block-column-is-layout-flow\" style=\"flex-basis:50%\">\n<figure class=\"wp-block-image size-full has-custom-border\"><img loading=\"lazy\" decoding=\"async\" width=\"1080\" height=\"1080\" src=\"https:\/\/commentdire.ma\/wp-content\/uploads\/2025\/11\/La-slow-cosmetique.jpg\" alt=\"\" class=\"has-border-color has-accent-2-border-color wp-image-1117\" srcset=\"https:\/\/commentdire.ma\/wp-content\/uploads\/2025\/11\/La-slow-cosmetique.jpg 1080w, https:\/\/commentdire.ma\/wp-content\/uploads\/2025\/11\/La-slow-cosmetique-300x300.jpg 300w, https:\/\/commentdire.ma\/wp-content\/uploads\/2025\/11\/La-slow-cosmetique-1024x1024.jpg 1024w, https:\/\/commentdire.ma\/wp-content\/uploads\/2025\/11\/La-slow-cosmetique-150x150.jpg 150w, https:\/\/commentdire.ma\/wp-content\/uploads\/2025\/11\/La-slow-cosmetique-768x768.jpg 768w\" sizes=\"auto, (max-width: 1080px) 100vw, 1080px\" \/><\/figure>\n<\/div>\n<\/div>\n\n\n\n<hr class=\"wp-block-separator alignwide has-alpha-channel-opacity\"\/>\n\n\n\n<div class=\"wp-block-columns alignwide has-base-2-background-color has-background is-layout-flex wp-container-core-columns-is-layout-1da03c2a wp-block-columns-is-layout-flex\">\n<div class=\"wp-block-column is-vertically-aligned-stretch is-layout-flow wp-block-column-is-layout-flow\" style=\"flex-basis:50%\">\n<div class=\"wp-block-group is-vertical is-content-justification-stretch is-layout-flex wp-container-core-group-is-layout-444d5ee8 wp-block-group-is-layout-flex\" style=\"min-height:100%\">\n<p class=\"has-heading-font-family has-x-large-font-size\" style=\"line-height:1.2\">Tango perch\u00e9<\/p>\n\n\n\n<p class=\"wp-container-content-9cfa9a5a\"><strong><em>Mercredi 22  mai 2024<\/em><\/strong><\/p>\n\n\n\n<p><\/p>\n<\/div>\n<\/div>\n\n\n\n<div class=\"wp-block-column is-vertically-aligned-center is-layout-flow wp-block-column-is-layout-flow\" style=\"flex-basis:50%\">\n<figure class=\"wp-block-image size-full has-custom-border\"><img loading=\"lazy\" decoding=\"async\" width=\"1024\" height=\"1280\" src=\"https:\/\/commentdire.ma\/wp-content\/uploads\/2025\/12\/tango.jpg\" alt=\"\" class=\"has-border-color has-accent-2-border-color wp-image-1466\" srcset=\"https:\/\/commentdire.ma\/wp-content\/uploads\/2025\/12\/tango.jpg 1024w, https:\/\/commentdire.ma\/wp-content\/uploads\/2025\/12\/tango-240x300.jpg 240w, https:\/\/commentdire.ma\/wp-content\/uploads\/2025\/12\/tango-819x1024.jpg 819w, https:\/\/commentdire.ma\/wp-content\/uploads\/2025\/12\/tango-768x960.jpg 768w\" sizes=\"auto, (max-width: 1024px) 100vw, 1024px\" \/><\/figure>\n<\/div>\n<\/div>\n\n\n\n<hr class=\"wp-block-separator alignwide has-alpha-channel-opacity\"\/>\n<\/div>\n\n\n\n<p><\/p>\n","protected":false},"excerpt":{"rendered":"<p>Tango perch\u00e9 Merecredi 21 mai 2025 Le slow cosm\u00e9tique Samedi 5 avril 2025 avec Alain Bocquet Tango perch\u00e9 Mercredi 22 mai 2024<\/p>\n","protected":false},"author":1,"featured_media":0,"parent":0,"menu_order":0,"comment_status":"closed","ping_status":"closed","template":"","meta":{"footnotes":""},"class_list":["post-1460","page","type-page","status-publish","hentry"],"_links":{"self":[{"href":"https:\/\/commentdire.ma\/index.php\/wp-json\/wp\/v2\/pages\/1460","targetHints":{"allow":["GET"]}}],"collection":[{"href":"https:\/\/commentdire.ma\/index.php\/wp-json\/wp\/v2\/pages"}],"about":[{"href":"https:\/\/commentdire.ma\/index.php\/wp-json\/wp\/v2\/types\/page"}],"author":[{"embeddable":true,"href":"https:\/\/commentdire.ma\/index.php\/wp-json\/wp\/v2\/users\/1"}],"replies":[{"embeddable":true,"href":"https:\/\/commentdire.ma\/index.php\/wp-json\/wp\/v2\/comments?post=1460"}],"version-history":[{"count":6,"href":"https:\/\/commentdire.ma\/index.php\/wp-json\/wp\/v2\/pages\/1460\/revisions"}],"predecessor-version":[{"id":1501,"href":"https:\/\/commentdire.ma\/index.php\/wp-json\/wp\/v2\/pages\/1460\/revisions\/1501"}],"wp:attachment":[{"href":"https:\/\/commentdire.ma\/index.php\/wp-json\/wp\/v2\/media?parent=1460"}],"curies":[{"name":"wp","href":"https:\/\/api.w.org\/{rel}","templated":true}]}}